{"id":101,"date":"2014-03-28T10:18:34","date_gmt":"2014-03-28T09:18:34","guid":{"rendered":"http:\/\/localhost\/wordpress\/?page_id=101"},"modified":"2025-04-04T13:20:27","modified_gmt":"2025-04-04T12:20:27","slug":"expo-et-presse","status":"publish","type":"page","link":"https:\/\/praz-decoupages.fr\/site\/expo-et-presse\/","title":{"rendered":"Expos et presse"},"content":{"rendered":"<p><!--:fr--><a href=\"https:\/\/praz-decoupages.fr\/site\/expos\/expos.html\" target=\"_blank\" rel=\"noopener\">D\u00e9couvrir mes diff\u00e9rentes expositions.<\/a><\/p>\n<p>Je vous laisse d\u00e9couvrir quelques unes de mes r\u00e9alisations et des articles de presse me concernant.<br \/><div id=\"metaslider-id-36\" style=\"width: 100%;\" class=\"ml-slider-3-98-0 metaslider metaslider-flex metaslider-36 ml-slider ms-theme-default\" role=\"region\" aria-roledescription=\"Slideshow\" aria-label=\"EXPOS ET PRESSE\" data-width=\"750\">\n    <div id=\"metaslider_container_36\">\n        <div id=\"metaslider_36\" class=\"flexslider\">\n            <ul class='slides'>\n                <li style=\"display: block; width: 100%;\" class=\"slide-524 ms-image \" aria-roledescription=\"slide\" aria-label=\"slide-524\" data-date=\"2025-06-06 13:40:02\"><img loading=\"lazy\" decoding=\"async\" src=\"https:\/\/praz-decoupages.fr\/site\/wp-content\/uploads\/2025\/06\/En-remerciements.jpg\" height=\"550\" width=\"750\" alt=\"\" class=\"slider-36 slide-524\" title=\"En-remerciements\" \/><div class=\"caption-wrap\"><div class=\"caption\"><div>En remerciements.<\/div><\/div><\/div><\/li>\n                <li style=\"display: none; width: 100%;\" class=\"slide-221 ms-image \" aria-roledescription=\"slide\" aria-label=\"slide-221\" data-date=\"2014-04-11 15:24:13\"><img loading=\"lazy\" decoding=\"async\" src=\"https:\/\/praz-decoupages.fr\/site\/wp-content\/uploads\/2014\/04\/dentelle-800x600-750x550.jpg\" height=\"550\" width=\"750\" alt=\"\" class=\"slider-36 slide-221\" \/><\/li>\n                <li style=\"display: none; width: 100%;\" class=\"slide-422 ms-image \" aria-roledescription=\"slide\" aria-label=\"slide-422\" data-date=\"2018-08-01 21:24:00\"><a href=\"http:\/\/praz-decoupages.fr\/site\/wp-content\/uploads\/2018\/08\/Metiers_arts2.jpg\" target=\"_self\" aria-label=\"View Slide Details\" class=\"metaslider_image_link\"><img loading=\"lazy\" decoding=\"async\" src=\"https:\/\/praz-decoupages.fr\/site\/wp-content\/uploads\/2018\/08\/Vignette_Metiers_arts-688x504.jpg\" height=\"550\" width=\"750\" alt=\"\" class=\"slider-36 slide-422\" title=\"Vignette_Metiers_arts\" \/><\/a><\/li>\n                <li style=\"display: none; width: 100%;\" class=\"slide-226 ms-image \" aria-roledescription=\"slide\" aria-label=\"slide-226\" data-date=\"2014-04-11 15:26:48\"><img loading=\"lazy\" decoding=\"async\" src=\"https:\/\/praz-decoupages.fr\/site\/wp-content\/uploads\/2014\/04\/D\u00e9coup-31082010-004-800x6001-750x550.jpg\" height=\"550\" width=\"750\" alt=\"\" class=\"slider-36 slide-226\" \/><\/li>\n                <li style=\"display: none; width: 100%;\" class=\"slide-437 ms-image \" aria-roledescription=\"slide\" aria-label=\"slide-437\" data-date=\"2022-02-07 11:07:47\"><img loading=\"lazy\" decoding=\"async\" src=\"https:\/\/praz-decoupages.fr\/site\/wp-content\/uploads\/2022\/02\/97_jungfrau_iim_fest.jpg\" height=\"550\" width=\"750\" alt=\"\" class=\"slider-36 slide-437\" title=\"97_jungfrau_iim_fest\" \/><\/li>\n                <li style=\"display: none; width: 100%;\" class=\"slide-494 ms-image \" aria-roledescription=\"slide\" aria-label=\"slide-494\" data-date=\"2024-12-07 18:13:50\"><img loading=\"lazy\" decoding=\"async\" src=\"https:\/\/praz-decoupages.fr\/site\/wp-content\/uploads\/2024\/12\/Technique2.jpg\" height=\"550\" width=\"750\" alt=\"\" class=\"slider-36 slide-494\" title=\"Technique2\" \/><\/li>\n                <li style=\"display: none; width: 100%;\" class=\"slide-439 ms-image \" aria-roledescription=\"slide\" aria-label=\"slide-439\" data-date=\"2022-02-07 11:13:39\"><img loading=\"lazy\" decoding=\"async\" src=\"https:\/\/praz-decoupages.fr\/site\/wp-content\/uploads\/2022\/02\/Alpen_lilie_-martagon_-und_Frauenschuh.jpg\" height=\"550\" width=\"750\" alt=\"\" class=\"slider-36 slide-439\" title=\"Alpen_lilie_ martagon_ und_Frauenschuh\" \/><\/li>\n                <li style=\"display: none; width: 100%;\" class=\"slide-294 ms-image \" aria-roledescription=\"slide\" aria-label=\"slide-294\" data-date=\"2014-04-21 19:22:01\"><img loading=\"lazy\" decoding=\"async\" src=\"https:\/\/praz-decoupages.fr\/site\/wp-content\/uploads\/2014\/04\/Passion_montagne-750x550.jpg\" height=\"550\" width=\"750\" alt=\"\" class=\"slider-36 slide-294\" \/><\/li>\n                <li style=\"display: none; width: 100%;\" class=\"slide-296 ms-image \" aria-roledescription=\"slide\" aria-label=\"slide-296\" data-date=\"2014-04-21 19:28:51\"><img loading=\"lazy\" decoding=\"async\" src=\"https:\/\/praz-decoupages.fr\/site\/wp-content\/uploads\/2014\/04\/GSTAAD-750x550.jpg\" height=\"550\" width=\"750\" alt=\"\" class=\"slider-36 slide-296\" \/><\/li>\n                <li style=\"display: none; width: 100%;\" class=\"slide-349 ms-image \" aria-roledescription=\"slide\" aria-label=\"slide-349\" data-date=\"2014-05-26 19:53:51\"><img loading=\"lazy\" decoding=\"async\" src=\"https:\/\/praz-decoupages.fr\/site\/wp-content\/uploads\/2014\/05\/abat_jour1.jpg\" height=\"550\" width=\"750\" alt=\"\" class=\"slider-36 slide-349\" \/><\/li>\n                <li style=\"display: none; width: 100%;\" class=\"slide-351 ms-image \" aria-roledescription=\"slide\" aria-label=\"slide-351\" data-date=\"2014-05-26 20:37:27\"><img loading=\"lazy\" decoding=\"async\" src=\"https:\/\/praz-decoupages.fr\/site\/wp-content\/uploads\/2014\/05\/abat_jour3.jpg\" height=\"550\" width=\"750\" alt=\"\" class=\"slider-36 slide-351\" \/><\/li>\n                <li style=\"display: none; width: 100%;\" class=\"slide-350 ms-image \" aria-roledescription=\"slide\" aria-label=\"slide-350\" data-date=\"2014-05-26 20:34:41\"><img loading=\"lazy\" decoding=\"async\" src=\"https:\/\/praz-decoupages.fr\/site\/wp-content\/uploads\/2014\/05\/abat_jour2.jpg\" height=\"550\" width=\"750\" alt=\"\" class=\"slider-36 slide-350\" \/><\/li>\n                <li style=\"display: none; width: 100%;\" class=\"slide-298 ms-image \" aria-roledescription=\"slide\" aria-label=\"slide-298\" data-date=\"2014-04-21 19:34:28\"><img loading=\"lazy\" decoding=\"async\" src=\"https:\/\/praz-decoupages.fr\/site\/wp-content\/uploads\/2014\/04\/expo_auxerre-750x550.jpg\" height=\"550\" width=\"750\" alt=\"\" class=\"slider-36 slide-298\" \/><\/li>\n                <li style=\"display: none; width: 100%;\" class=\"slide-473 ms-image \" aria-roledescription=\"slide\" aria-label=\"slide-473\" data-date=\"2022-12-29 08:03:53\"><img loading=\"lazy\" decoding=\"async\" src=\"https:\/\/praz-decoupages.fr\/site\/wp-content\/uploads\/2022\/12\/Edelwei\u00df-Arnica-Enzian-574x420.jpg\" height=\"550\" width=\"750\" alt=\"\" class=\"slider-36 slide-473\" title=\"cof\" \/><\/li>\n                <li style=\"display: none; width: 100%;\" class=\"slide-362 ms-image \" aria-roledescription=\"slide\" aria-label=\"slide-362\" data-date=\"2016-05-30 12:51:41\"><img loading=\"lazy\" decoding=\"async\" src=\"https:\/\/praz-decoupages.fr\/site\/wp-content\/uploads\/2016\/05\/Vers_les_cimes.jpg\" height=\"550\" width=\"750\" alt=\"\" class=\"slider-36 slide-362\" \/><\/li>\n                <li style=\"display: none; width: 100%;\" class=\"slide-363 ms-image \" aria-roledescription=\"slide\" aria-label=\"slide-363\" data-date=\"2016-05-30 12:52:40\"><img loading=\"lazy\" decoding=\"async\" src=\"https:\/\/praz-decoupages.fr\/site\/wp-content\/uploads\/2016\/05\/Ambiance_montagne_Oberland_Bernois.jpg\" height=\"550\" width=\"750\" alt=\"\" class=\"slider-36 slide-363\" \/><\/li>\n                <li style=\"display: none; width: 100%;\" class=\"slide-397 ms-image \" aria-roledescription=\"slide\" aria-label=\"slide-397\" data-date=\"2017-05-18 13:07:23\"><img loading=\"lazy\" decoding=\"async\" src=\"https:\/\/praz-decoupages.fr\/site\/wp-content\/uploads\/2017\/05\/Naturliche_Schweizer_Fahne.jpg\" height=\"550\" width=\"750\" alt=\"\" class=\"slider-36 slide-397\" \/><\/li>\n                <li style=\"display: none; width: 100%;\" class=\"slide-501 ms-image \" aria-roledescription=\"slide\" aria-label=\"slide-501\" data-date=\"2024-12-08 17:34:57\"><img loading=\"lazy\" decoding=\"async\" src=\"https:\/\/praz-decoupages.fr\/site\/wp-content\/uploads\/2024\/12\/Libellule.jpg\" height=\"550\" width=\"750\" alt=\"\" class=\"slider-36 slide-501\" title=\"Libellule\" \/><\/li>\n                <li style=\"display: none; width: 100%;\" class=\"slide-503 ms-image \" aria-roledescription=\"slide\" aria-label=\"slide-503\" data-date=\"2024-12-08 17:39:11\"><img loading=\"lazy\" decoding=\"async\" src=\"https:\/\/praz-decoupages.fr\/site\/wp-content\/uploads\/2024\/12\/Paysage.jpg\" height=\"550\" width=\"750\" alt=\"\" class=\"slider-36 slide-503\" title=\"Paysage\" \/><\/li>\n                <li style=\"display: none; width: 100%;\" class=\"slide-505 ms-image \" aria-roledescription=\"slide\" aria-label=\"slide-505\" data-date=\"2024-12-08 17:46:45\"><img loading=\"lazy\" decoding=\"async\" src=\"https:\/\/praz-decoupages.fr\/site\/wp-content\/uploads\/2024\/12\/Mont-Blanc.jpg\" height=\"550\" width=\"750\" alt=\"\" class=\"slider-36 slide-505\" title=\"Mont-Blanc\" \/><\/li>\n                <li style=\"display: none; width: 100%;\" class=\"slide-471 ms-image \" aria-roledescription=\"slide\" aria-label=\"slide-471\" data-date=\"2022-12-29 08:03:26\"><img loading=\"lazy\" decoding=\"async\" src=\"https:\/\/praz-decoupages.fr\/site\/wp-content\/uploads\/2022\/12\/Sports-dHiver-554x406.jpg\" height=\"550\" width=\"750\" alt=\"\" class=\"slider-36 slide-471\" title=\"Sports d&#039;Hiver\" \/><\/li>\n                <li style=\"display: none; width: 100%;\" class=\"slide-443 ms-image \" aria-roledescription=\"slide\" aria-label=\"slide-443\" data-date=\"2022-02-07 11:26:22\"><img loading=\"lazy\" decoding=\"async\" src=\"https:\/\/praz-decoupages.fr\/site\/wp-content\/uploads\/2022\/02\/DSCN4088.jpg\" height=\"550\" width=\"750\" alt=\"\" class=\"slider-36 slide-443\" title=\"DSCN4088\" \/><\/li>\n                <li style=\"display: none; width: 100%;\" class=\"slide-445 ms-image \" aria-roledescription=\"slide\" aria-label=\"slide-445\" data-date=\"2022-02-07 11:31:38\"><img loading=\"lazy\" decoding=\"async\" src=\"https:\/\/praz-decoupages.fr\/site\/wp-content\/uploads\/2022\/02\/DSCN4089.jpg\" height=\"550\" width=\"750\" alt=\"\" class=\"slider-36 slide-445\" title=\"DSCN4089\" \/><\/li>\n                <li style=\"display: none; width: 100%;\" class=\"slide-447 ms-image \" aria-roledescription=\"slide\" aria-label=\"slide-447\" data-date=\"2022-02-07 11:35:24\"><img loading=\"lazy\" decoding=\"async\" src=\"https:\/\/praz-decoupages.fr\/site\/wp-content\/uploads\/2022\/02\/DSCN4090.jpg\" height=\"550\" width=\"750\" alt=\"\" class=\"slider-36 slide-447\" title=\"DSCN4090\" \/><\/li>\n                <li style=\"display: none; width: 100%;\" class=\"slide-449 ms-image \" aria-roledescription=\"slide\" aria-label=\"slide-449\" data-date=\"2022-02-07 11:40:45\"><img loading=\"lazy\" decoding=\"async\" src=\"https:\/\/praz-decoupages.fr\/site\/wp-content\/uploads\/2022\/02\/Nature_en_fete.jpg\" height=\"550\" width=\"750\" alt=\"\" class=\"slider-36 slide-449\" title=\"Nature_en_fete\" \/><\/li>\n                <li style=\"display: none; width: 100%;\" class=\"slide-452 ms-image \" aria-roledescription=\"slide\" aria-label=\"slide-452\" data-date=\"2022-02-07 16:26:56\"><img loading=\"lazy\" decoding=\"async\" src=\"https:\/\/praz-decoupages.fr\/site\/wp-content\/uploads\/2022\/02\/DSCN4095.jpg\" height=\"550\" width=\"750\" alt=\"\" class=\"slider-36 slide-452\" title=\"DSCN4095\" \/><\/li>\n            <\/ul>\n        <\/div>\n        \n    <\/div>\n<\/div><\/p>\n\n\n<p><\/p>\n","protected":false},"excerpt":{"rendered":"<p>D\u00e9couvrir mes diff\u00e9rentes expositions. Je vous laisse d\u00e9couvrir quelques unes de mes r\u00e9alisations et des articles de presse me concernant.<\/p>\n","protected":false},"author":3,"featured_media":0,"parent":0,"menu_order":1,"comment_status":"closed","ping_status":"closed","template":"","meta":{"footnotes":""},"class_list":["post-101","page","type-page","status-publish","hentry"],"_links":{"self":[{"href":"https:\/\/praz-decoupages.fr\/site\/wp-json\/wp\/v2\/pages\/101","targetHints":{"allow":["GET"]}}],"collection":[{"href":"https:\/\/praz-decoupages.fr\/site\/wp-json\/wp\/v2\/pages"}],"about":[{"href":"https:\/\/praz-decoupages.fr\/site\/wp-json\/wp\/v2\/types\/page"}],"author":[{"embeddable":true,"href":"https:\/\/praz-decoupages.fr\/site\/wp-json\/wp\/v2\/users\/3"}],"replies":[{"embeddable":true,"href":"https:\/\/praz-decoupages.fr\/site\/wp-json\/wp\/v2\/comments?post=101"}],"version-history":[{"count":22,"href":"https:\/\/praz-decoupages.fr\/site\/wp-json\/wp\/v2\/pages\/101\/revisions"}],"predecessor-version":[{"id":517,"href":"https:\/\/praz-decoupages.fr\/site\/wp-json\/wp\/v2\/pages\/101\/revisions\/517"}],"wp:attachment":[{"href":"https:\/\/praz-decoupages.fr\/site\/wp-json\/wp\/v2\/media?parent=101"}],"curies":[{"name":"wp","href":"https:\/\/api.w.org\/{rel}","templated":true}]}}